{"id":3,"date":"2020-03-13T17:04:19","date_gmt":"2020-03-13T17:04:19","guid":{"rendered":"https:\/\/chrestfoundati.wpengine.com\/?page_id=3"},"modified":"2020-09-17T15:59:44","modified_gmt":"2020-09-17T15:59:44","slug":"privacy-policy","status":"publish","type":"page","link":"https:\/\/chrestfoundation.org\/tr\/privacy-policy\/","title":{"rendered":"Gizlilik Politikas\u0131n\u0131"},"content":{"rendered":"<div class=\"vc_row wpb_row vc_row-fluid\"><div class=\"wpb_column vc_column_container vc_col-sm-12\"><div class=\"vc_column-inner\"><div class=\"wpb_wrapper\">\n\t<div class=\"wpb_text_column wpb_content_element\" >\n\t\t<div class=\"wpb_wrapper\">\n\t\t\t<h2 id=\"printPDF\"><a href=\"#\">Yazd\u0131r\u0131labilir S\u00fcr\u00fcm<\/a><\/h2>\n<p><!-- \/wp:post-content --><\/p>\n<p><!-- wp:paragraph -->Chrest Vakf\u0131\u2019n\u0131n internet sitesini ziyaret etti\u011finiz i\u00e7in te\u015fekk\u00fcrler. \u0130nternet sitemizi ziyaretiniz s\u0131ras\u0131nda toplanan bilgilerle ilgili akl\u0131n\u0131zda olu\u015fabilecek endi\u015feleri gidermek amac\u0131yla a\u015fa\u011f\u0131da a\u00e7\u0131klanan Chrest Vakf\u0131 Gizlilik Politikas\u0131n\u0131 geli\u015ftirdik. Bu Politika zaman zaman g\u00fcncellendi\u011finden l\u00fctfen belli aral\u0131klarla internet sitemizi ziyaret ederek yap\u0131lan de\u011fi\u015fiklikleri kontrol ediniz. Gizlilik Politikas\u0131na ili\u015fkin sorular\u0131n\u0131z i\u00e7in bize\u00a0<a href=\"\/tr\/contact-us\/\">buradan<\/a><span class=\"translation\"> bizimle ileti\u015fime ge\u00e7ebilirsiniz<\/span>.<\/p>\n<p><!-- \/wp:paragraph --><\/p>\n<p>&nbsp;<\/p>\n<p><!-- wp:heading --><\/p>\n<div class=\"header2\">\n<h2>Toplanan Bilgiler<\/h2>\n<\/div>\n<div class=\"bodyCopy\">\n<p>Chrest Vakf\u0131, ziyaret\u00e7ilerinin programlar\u0131m\u0131z ve felsefemiz hakk\u0131nda daha iyi bir anlay\u0131\u015fa sahip olmas\u0131n\u0131 sa\u011flar. Web sitesinde hakk\u0131n\u0131zda toplanabilecek ki\u015fisel olarak tan\u0131mlay\u0131c\u0131 bilgiler \u015funlar\u0131 i\u00e7erir: isim, adres, telefon numaralar\u0131, faks numaras\u0131, e-posta adresi ve kurumsal bilgiler.<\/p>\n<p>Chrest Vakf\u0131, g\u00f6n\u00fcll\u00fc olarak ve bilerek bize sa\u011flamad\u0131\u011f\u0131n\u0131z s\u00fcrece ki\u015fisel olarak tan\u0131mlanabilir bilgilerinizi toplamamaktad\u0131r. Bu, web sitemizi g\u00f6r\u00fcnt\u00fclemek i\u00e7in sizden kay\u0131t olman\u0131z\u0131 veya ki\u015fisel bilgilerinizi payla\u015fman\u0131z\u0131 istemedi\u011fimiz anlam\u0131na gelmektedir.<\/p>\n<\/div>\n<div class=\"header2\">\n<h2>Bilgiler Nas\u0131l Kullan\u0131l\u0131yor<\/h2>\n<\/div>\n<div class=\"bodyCopy\">\n<p>Kendinizle ilgili verdi\u011finiz bilgileri web sitesi \u00fczerinden iletti\u011finiz taleplerinizi yerine getirmek i\u00e7in kullanabiliriz. Talep etmedi\u011finiz takdirde size tan\u0131t\u0131m ama\u00e7l\u0131 bilgi g\u00f6ndermeyece\u011fiz. Bu bilgileri bazen sizden alabilece\u011fimiz geri bildirimlerle ilgili olarak, sizinle ileti\u015fim kurmak amac\u0131yla kullanabiliriz.<\/p>\n<\/div>\n<div class=\"header2\">\n<h2>Tan\u0131mlama Bilgisi (\u00c7erezler)<\/h2>\n<\/div>\n<div class=\"bodyCopy\">\n<p>Web sitemiz s\u0131n\u0131rl\u0131 bir  \u201ctan\u0131mlama bilgisi (\u00e7erez) \u201d teknolojisine sahiptir. Bilgisayar\u0131n\u0131z\u0131n taray\u0131c\u0131 dosyas\u0131na bir \u201c\u00e7erez\u201d yerle\u015ftirebiliriz, ancak bu \u201c\u00e7erez\u201d sizin hakk\u0131n\u0131zda ki\u015fisel olarak tan\u0131mlay\u0131c\u0131 herhangi bir bilgi i\u00e7ermez. \u201c\u00c7erez\u201d ki\u015fisel bilgilerinizi takip etmez veya ileti\u015fim bilgilerinize ula\u015fmam\u0131za imk\u00e2n vermez ve bilgisayar\u0131n\u0131zdan herhangi bir bilgi \u00e7\u0131karmaz. \u201c\u00c7erez\u201di mesajla\u015fma i\u015flevselli\u011fi sa\u011flamak i\u00e7in gerekti\u011fi \u015fekilde kullanmaktay\u0131z.<\/p>\n<\/div>\n<div class=\"header2\">\n<h2>Gizlilik Politikas\u0131 De\u011fi\u015fiklikleri<\/h2>\n<\/div>\n<div class=\"bodyCopy\">\n<p>Web sitemizi kullanarak, Chrest Vakf\u0131\u2019n\u0131n yukar\u0131da a\u00e7\u0131kland\u0131\u011f\u0131 \u015fekilde size ait bilgileri toplamas\u0131na ve kullanmas\u0131na izin vermi\u015f olursunuz. Gizlilik politikam\u0131zda herhangi bir de\u011fi\u015fiklik yapt\u0131\u011f\u0131m\u0131z takdirde, hangi bilgileri toplad\u0131\u011f\u0131m\u0131zdan, bu bilgileri nas\u0131l kulland\u0131\u011f\u0131m\u0131zdan ve hangi \u015fartlar alt\u0131nda payla\u015ft\u0131\u011f\u0131m\u0131zdan her zaman haberdar olman\u0131z i\u00e7in de\u011fi\u015fiklikleri  bu sayfada yay\u0131nlayaca\u011f\u0131z.<\/p>\n<\/div>\n<div class=\"header2\">\n<h2>Sorular veya Yorumlar<\/h2>\n<\/div>\n<div class=\"bodyCopy\">\n<p>Gizlilik politikas\u0131, bu web sitesinin uygulamalar\u0131 veya Chrest Vakf\u0131 ile ilgili konular hakk\u0131nda herhangi bir sorunuz varsa, l\u00fctfen bizimle\u00a0<a href=\"\/tr\/contact-us\/\">buradan<\/a>\u00a0ileti\u015fime ge\u00e7in veya a\u015fa\u011f\u0131daki adresi kullan\u0131n:<\/p>\n<p><strong>Chrest Foundation<br \/>130 East John Carpenter Freeway, Ofis 460<br \/>Irving, Texas 75062 USA<\/strong><\/p>\n<\/div>\n\n\t\t<\/div>\n\t<\/div>\n<\/div><\/div><\/div><\/div>","protected":false},"excerpt":{"rendered":"Print Friendly Version Thank you for visiting the Chrest Foundation web site. To alleviate any concerns you may have regarding the use of the information collected<span class=\"excerpt-hellip\"> [\u2026]<\/span>","protected":false},"author":1,"featured_media":0,"parent":0,"menu_order":0,"comment_status":"closed","ping_status":"closed","template":"","meta":{"footnotes":""},"class_list":["post-3","page","type-page","status-publish","hentry"],"yoast_head":"<!-- This site is optimized with the Yoast SEO plugin v27.5 - https:\/\/yoast.com\/product\/yoast-seo-wordpress\/ -->\n<title>Privacy Policy - Chrest Foundation<\/title>\n<meta name=\"robots\" content=\"index, follow, max-snippet:-1, max-image-preview:large, max-video-preview:-1\" \/>\n<link rel=\"canonical\" href=\"https:\/\/chrestfoundation.org\/tr\/privacy-policy\/\" \/>\n<meta property=\"og:locale\" content=\"tr_TR\" \/>\n<meta property=\"og:type\" content=\"article\" \/>\n<meta property=\"og:title\" content=\"Privacy Policy - Chrest Foundation\" \/>\n<meta property=\"og:url\" content=\"https:\/\/chrestfoundation.org\/tr\/privacy-policy\/\" \/>\n<meta property=\"og:site_name\" content=\"Chrest Foundation\" \/>\n<meta property=\"article:modified_time\" content=\"2020-09-17T15:59:44+00:00\" \/>\n<meta name=\"twitter:card\" content=\"summary_large_image\" \/>\n<meta name=\"twitter:label1\" content=\"Tahmini okuma s\u00fcresi\" \/>\n\t<meta name=\"twitter:data1\" content=\"2 dakika\" \/>\n<script type=\"application\/ld+json\" class=\"yoast-schema-graph\">{\"@context\":\"https:\\\/\\\/schema.org\",\"@graph\":[{\"@type\":\"WebPage\",\"@id\":\"https:\\\/\\\/chrestfoundation.org\\\/tr\\\/privacy-policy\\\/\",\"url\":\"https:\\\/\\\/chrestfoundation.org\\\/tr\\\/privacy-policy\\\/\",\"name\":\"Privacy Policy - Chrest Foundation\",\"isPartOf\":{\"@id\":\"https:\\\/\\\/chrestfoundation.org\\\/#website\"},\"datePublished\":\"2020-03-13T17:04:19+00:00\",\"dateModified\":\"2020-09-17T15:59:44+00:00\",\"breadcrumb\":{\"@id\":\"https:\\\/\\\/chrestfoundation.org\\\/tr\\\/privacy-policy\\\/#breadcrumb\"},\"inLanguage\":\"tr\",\"potentialAction\":[{\"@type\":\"ReadAction\",\"target\":[\"https:\\\/\\\/chrestfoundation.org\\\/tr\\\/privacy-policy\\\/\"]}]},{\"@type\":\"BreadcrumbList\",\"@id\":\"https:\\\/\\\/chrestfoundation.org\\\/tr\\\/privacy-policy\\\/#breadcrumb\",\"itemListElement\":[{\"@type\":\"ListItem\",\"position\":1,\"name\":\"Home\",\"item\":\"https:\\\/\\\/chrestfoundation.org\\\/\"},{\"@type\":\"ListItem\",\"position\":2,\"name\":\"Privacy Policy\"}]},{\"@type\":\"WebSite\",\"@id\":\"https:\\\/\\\/chrestfoundation.org\\\/#website\",\"url\":\"https:\\\/\\\/chrestfoundation.org\\\/\",\"name\":\"Chrest Foundation\",\"description\":\"Just another WordPress site\",\"potentialAction\":[{\"@type\":\"SearchAction\",\"target\":{\"@type\":\"EntryPoint\",\"urlTemplate\":\"https:\\\/\\\/chrestfoundation.org\\\/?s={search_term_string}\"},\"query-input\":{\"@type\":\"PropertyValueSpecification\",\"valueRequired\":true,\"valueName\":\"search_term_string\"}}],\"inLanguage\":\"tr\"}]}<\/script>\n<!-- \/ Yoast SEO plugin. -->","yoast_head_json":{"title":"Privacy Policy - Chrest Foundation","robots":{"index":"index","follow":"follow","max-snippet":"max-snippet:-1","max-image-preview":"max-image-preview:large","max-video-preview":"max-video-preview:-1"},"canonical":"https:\/\/chrestfoundation.org\/tr\/privacy-policy\/","og_locale":"tr_TR","og_type":"article","og_title":"Privacy Policy - Chrest Foundation","og_url":"https:\/\/chrestfoundation.org\/tr\/privacy-policy\/","og_site_name":"Chrest Foundation","article_modified_time":"2020-09-17T15:59:44+00:00","twitter_card":"summary_large_image","twitter_misc":{"Tahmini okuma s\u00fcresi":"2 dakika"},"schema":{"@context":"https:\/\/schema.org","@graph":[{"@type":"WebPage","@id":"https:\/\/chrestfoundation.org\/tr\/privacy-policy\/","url":"https:\/\/chrestfoundation.org\/tr\/privacy-policy\/","name":"Privacy Policy - Chrest Foundation","isPartOf":{"@id":"https:\/\/chrestfoundation.org\/#website"},"datePublished":"2020-03-13T17:04:19+00:00","dateModified":"2020-09-17T15:59:44+00:00","breadcrumb":{"@id":"https:\/\/chrestfoundation.org\/tr\/privacy-policy\/#breadcrumb"},"inLanguage":"tr","potentialAction":[{"@type":"ReadAction","target":["https:\/\/chrestfoundation.org\/tr\/privacy-policy\/"]}]},{"@type":"BreadcrumbList","@id":"https:\/\/chrestfoundation.org\/tr\/privacy-policy\/#breadcrumb","itemListElement":[{"@type":"ListItem","position":1,"name":"Home","item":"https:\/\/chrestfoundation.org\/"},{"@type":"ListItem","position":2,"name":"Privacy Policy"}]},{"@type":"WebSite","@id":"https:\/\/chrestfoundation.org\/#website","url":"https:\/\/chrestfoundation.org\/","name":"Chrest Foundation","description":"Just another WordPress site","potentialAction":[{"@type":"SearchAction","target":{"@type":"EntryPoint","urlTemplate":"https:\/\/chrestfoundation.org\/?s={search_term_string}"},"query-input":{"@type":"PropertyValueSpecification","valueRequired":true,"valueName":"search_term_string"}}],"inLanguage":"tr"}]}},"_links":{"self":[{"href":"https:\/\/chrestfoundation.org\/tr\/wp-json\/wp\/v2\/pages\/3","targetHints":{"allow":["GET"]}}],"collection":[{"href":"https:\/\/chrestfoundation.org\/tr\/wp-json\/wp\/v2\/pages"}],"about":[{"href":"https:\/\/chrestfoundation.org\/tr\/wp-json\/wp\/v2\/types\/page"}],"author":[{"embeddable":true,"href":"https:\/\/chrestfoundation.org\/tr\/wp-json\/wp\/v2\/users\/1"}],"replies":[{"embeddable":true,"href":"https:\/\/chrestfoundation.org\/tr\/wp-json\/wp\/v2\/comments?post=3"}],"version-history":[{"count":0,"href":"https:\/\/chrestfoundation.org\/tr\/wp-json\/wp\/v2\/pages\/3\/revisions"}],"wp:attachment":[{"href":"https:\/\/chrestfoundation.org\/tr\/wp-json\/wp\/v2\/media?parent=3"}],"curies":[{"name":"wp","href":"https:\/\/api.w.org\/{rel}","templated":true}]}}