{"id":13,"date":"2017-02-03T08:25:45","date_gmt":"2017-02-03T08:25:45","guid":{"rendered":"http:\/\/themes.muffingroup.com\/betheme\/?page_id=13"},"modified":"2024-04-26T14:27:12","modified_gmt":"2024-04-26T14:27:12","slug":"about-us","status":"publish","type":"page","link":"https:\/\/chrestfoundation.org\/tr\/about-us\/","title":{"rendered":"Hakk\u0131m\u0131zda"},"content":{"rendered":"","protected":true},"excerpt":{"rendered":"","protected":true},"author":1,"featured_media":0,"parent":0,"menu_order":0,"comment_status":"closed","ping_status":"closed","template":"","meta":{"footnotes":""},"class_list":["post-13","page","type-page","status-publish","post-password-required","hentry"],"yoast_head":"<!-- This site is optimized with the Yoast SEO plugin v27.3 - https:\/\/yoast.com\/product\/yoast-seo-wordpress\/ -->\n<title>About Us - Chrest Foundation<\/title>\n<meta name=\"robots\" content=\"index, follow, max-snippet:-1, max-image-preview:large, max-video-preview:-1\" \/>\n<link rel=\"canonical\" href=\"https:\/\/chrestfoundation.org\/tr\/about-us\/\" \/>\n<meta property=\"og:locale\" content=\"tr_TR\" \/>\n<meta property=\"og:type\" content=\"article\" \/>\n<meta property=\"og:title\" content=\"About Us - Chrest Foundation\" \/>\n<meta property=\"og:description\" content=\"Burada al\u0131nt\u0131 yok \u00e7\u00fcnk\u00fc bu yaz\u0131 korumal\u0131.\" \/>\n<meta property=\"og:url\" content=\"https:\/\/chrestfoundation.org\/tr\/about-us\/\" \/>\n<meta property=\"og:site_name\" content=\"Chrest Foundation\" \/>\n<meta property=\"article:modified_time\" content=\"2024-04-26T14:27:12+00:00\" \/>\n<meta name=\"twitter:card\" content=\"summary_large_image\" \/>\n<script type=\"application\/ld+json\" class=\"yoast-schema-graph\">{\"@context\":\"https:\\\/\\\/schema.org\",\"@graph\":[{\"@type\":\"WebPage\",\"@id\":\"https:\\\/\\\/chrestfoundation.org\\\/tr\\\/about-us\\\/\",\"url\":\"https:\\\/\\\/chrestfoundation.org\\\/tr\\\/about-us\\\/\",\"name\":\"About Us - Chrest Foundation\",\"isPartOf\":{\"@id\":\"https:\\\/\\\/chrestfoundation.org\\\/#website\"},\"datePublished\":\"2017-02-03T08:25:45+00:00\",\"dateModified\":\"2024-04-26T14:27:12+00:00\",\"breadcrumb\":{\"@id\":\"https:\\\/\\\/chrestfoundation.org\\\/tr\\\/about-us\\\/#breadcrumb\"},\"inLanguage\":\"tr\"},{\"@type\":\"WebSite\",\"@id\":\"https:\\\/\\\/chrestfoundation.org\\\/#website\",\"url\":\"https:\\\/\\\/chrestfoundation.org\\\/\",\"name\":\"Chrest Foundation\",\"description\":\"Just another WordPress site\",\"potentialAction\":[{\"@type\":\"SearchAction\",\"target\":{\"@type\":\"EntryPoint\",\"urlTemplate\":\"https:\\\/\\\/chrestfoundation.org\\\/?s={search_term_string}\"},\"query-input\":{\"@type\":\"PropertyValueSpecification\",\"valueRequired\":true,\"valueName\":\"search_term_string\"}}],\"inLanguage\":\"tr\"}]}<\/script>\n<!-- \/ Yoast SEO plugin. -->","yoast_head_json":{"title":"About Us - Chrest Foundation","robots":{"index":"index","follow":"follow","max-snippet":"max-snippet:-1","max-image-preview":"max-image-preview:large","max-video-preview":"max-video-preview:-1"},"canonical":"https:\/\/chrestfoundation.org\/tr\/about-us\/","og_locale":"tr_TR","og_type":"article","og_title":"About Us - Chrest Foundation","og_description":"Burada al\u0131nt\u0131 yok \u00e7\u00fcnk\u00fc bu yaz\u0131 korumal\u0131.","og_url":"https:\/\/chrestfoundation.org\/tr\/about-us\/","og_site_name":"Chrest Foundation","article_modified_time":"2024-04-26T14:27:12+00:00","twitter_card":"summary_large_image","schema":{"@context":"https:\/\/schema.org","@graph":[{"@type":"WebPage","@id":"https:\/\/chrestfoundation.org\/tr\/about-us\/","url":"https:\/\/chrestfoundation.org\/tr\/about-us\/","name":"About Us - Chrest Foundation","isPartOf":{"@id":"https:\/\/chrestfoundation.org\/#website"},"datePublished":"2017-02-03T08:25:45+00:00","dateModified":"2024-04-26T14:27:12+00:00","breadcrumb":{"@id":"https:\/\/chrestfoundation.org\/tr\/about-us\/#breadcrumb"},"inLanguage":"tr"},{"@type":"WebSite","@id":"https:\/\/chrestfoundation.org\/#website","url":"https:\/\/chrestfoundation.org\/","name":"Chrest Foundation","description":"Just another WordPress site","potentialAction":[{"@type":"SearchAction","target":{"@type":"EntryPoint","urlTemplate":"https:\/\/chrestfoundation.org\/?s={search_term_string}"},"query-input":{"@type":"PropertyValueSpecification","valueRequired":true,"valueName":"search_term_string"}}],"inLanguage":"tr"}]}},"_links":{"self":[{"href":"https:\/\/chrestfoundation.org\/tr\/wp-json\/wp\/v2\/pages\/13","targetHints":{"allow":["GET"]}}],"collection":[{"href":"https:\/\/chrestfoundation.org\/tr\/wp-json\/wp\/v2\/pages"}],"about":[{"href":"https:\/\/chrestfoundation.org\/tr\/wp-json\/wp\/v2\/types\/page"}],"author":[{"embeddable":true,"href":"https:\/\/chrestfoundation.org\/tr\/wp-json\/wp\/v2\/users\/1"}],"replies":[{"embeddable":true,"href":"https:\/\/chrestfoundation.org\/tr\/wp-json\/wp\/v2\/comments?post=13"}],"version-history":[{"count":0,"href":"https:\/\/chrestfoundation.org\/tr\/wp-json\/wp\/v2\/pages\/13\/revisions"}],"wp:attachment":[{"href":"https:\/\/chrestfoundation.org\/tr\/wp-json\/wp\/v2\/media?parent=13"}],"curies":[{"name":"wp","href":"https:\/\/api.w.org\/{rel}","templated":true}]}}